{"id":66,"date":"2025-12-15T19:00:39","date_gmt":"2025-12-15T18:00:39","guid":{"rendered":"http:\/\/naturaldermapet.it\/product\/lettiera-naturale-peonia-e-bouganville\/"},"modified":"2026-01-20T10:36:51","modified_gmt":"2026-01-20T09:36:51","slug":"lettiera-naturale-peonia-e-bouganville","status":"publish","type":"product","link":"https:\/\/naturaldermapet.it\/es\/comercio\/caja-de-arena\/lettiera-naturale-peonia-e-bouganville\/","title":{"rendered":"HOJA DE PEON\u00cdAS Y BUGANVILLAS NATURALES"},"content":{"rendered":"<p>La lettiera naturale alla variante di profumazione <strong>Peonia<\/strong> e <strong>Bouganville<\/strong> Natural Derma Pet \u00a0\u00e8 composta da\u00a0<strong>grano de ma\u00edz nacional<\/strong>. L&#8217;essenza di Peonia e Bouganville rilascer\u00e0 nel vostro ambiente un gradevole profumo.<\/p>\n<p>Gracias a su composici\u00f3n particular y al ingrediente activo exclusivo Natural Derma Fresh, la arena natural Natural Derma Pet es perfecta para la salud de nuestros amigos felinos, ya que no libera polvo potencialmente da\u00f1ino, es completamente biodegradable y se puede vaciar directamente en el inodoro, cuidando as\u00ed el medio ambiente al no enmascarar los olores, sino al prevenir su formaci\u00f3n.<\/p>","protected":false},"excerpt":{"rendered":"<p data-start=\"0\" data-end=\"315\">Lettiera <strong data-start=\"70\" data-end=\"87\" data-is-only-node=\"\">100% naturale<\/strong> composta <strong data-start=\"97\" data-end=\"143\">esclusivamente da mais coltivato in Italia<\/strong>, additivato con <strong data-start=\"160\" data-end=\"199\">principi attivi di origine naturale<\/strong>. <strong data-start=\"201\" data-end=\"218\">Senza polveri<\/strong>, \u00e8 <strong data-start=\"222\" data-end=\"250\">adatta anche ai cuccioli<\/strong> e contribuisce a ridurre i rischi di <strong data-start=\"288\" data-end=\"312\">disturbi respiratori<\/strong>.<br \/>\n<strong data-start=\"317\" data-end=\"343\">Altamente agglomerante<\/strong>, forma <strong data-start=\"351\" data-end=\"371\">palline compatte<\/strong> facili da rimuovere, mantenendo la lettiera <strong data-start=\"416\" data-end=\"438\" data-is-only-node=\"\">pulita pi\u00f9 a lungo<\/strong>. I principi attivi naturali svolgono un\u2019azione <strong data-start=\"486\" data-end=\"503\">antibatterica<\/strong> e <strong data-start=\"506\" data-end=\"550\">bloccano la formazione dei cattivi odori<\/strong>, migliorando la <strong data-start=\"567\" data-end=\"598\">qualit\u00e0 dell\u2019aria domestica<\/strong>.<br \/>\n<strong data-start=\"603\" data-end=\"648\">Completamente biodegradabile ed ecologica<\/strong>, \u00e8 <strong data-start=\"652\" data-end=\"687\">smaltibile nei rifiuti organici<\/strong>; i grumi possono essere eliminati anche nel <strong data-start=\"732\" data-end=\"756\" data-is-only-node=\"\">WC (max 2 per volta)<\/strong>. La <strong data-start=\"761\" data-end=\"807\">profumazione floreale Peonia &amp; Bouganville<\/strong> dona una <strong data-start=\"817\" data-end=\"851\">freschezza delicata e duratura<\/strong>, nel rispetto del benessere del gatto e dell\u2019ambiente.<\/p>\n<p> [&#8230;]<\/p>\n<p><a class=\"btn btn-secondary understrap-read-more-link\" href=\"https:\/\/naturaldermapet.it\/es\/comercio\/caja-de-arena\/lettiera-naturale-peonia-e-bouganville\/\">Leer m\u00e1s&#8230;<span class=\"screen-reader-text\"> from LETTIERA NATURALE PEONIA E BOUGANVILLE<\/span><\/a><\/p>\n","protected":false},"featured_media":707,"comment_status":"closed","ping_status":"closed","template":"","meta":{"_acf_changed":false},"caratteristica":[],"collezione":[98],"formato":[],"razza":[65],"utilizzo":[],"ingrediente-principale":[],"product_brand":[],"product_cat":[97],"product_tag":[],"class_list":{"0":"post-66","1":"product","2":"type-product","3":"status-publish","4":"has-post-thumbnail","6":"collezione-lettiere","7":"razza-gatti","8":"product_cat-lettiera","9":"pa_formato-2-85-kg","11":"first","12":"instock","13":"purchasable","14":"product-type-simple"},"acf":[],"yoast_head":"<!-- This site is optimized with the Yoast SEO plugin v27.0 - https:\/\/yoast.com\/product\/yoast-seo-wordpress\/ -->\n<title>LETTIERA NATURALE PEONIA E BOUGANVILLE - Natural Derma Pet<\/title>\n<meta name=\"robots\" content=\"index, follow, max-snippet:-1, max-image-preview:large, max-video-preview:-1\" \/>\n<link rel=\"canonical\" href=\"https:\/\/naturaldermapet.it\/es\/comercio\/caja-de-arena\/lettiera-naturale-peonia-e-bouganville\/\" \/>\n<meta property=\"og:locale\" content=\"es_ES\" \/>\n<meta property=\"og:type\" content=\"article\" \/>\n<meta property=\"og:title\" content=\"LETTIERA NATURALE PEONIA E BOUGANVILLE - Natural Derma Pet\" \/>\n<meta property=\"og:description\" content=\"Lettiera 100% naturale composta esclusivamente da mais coltivato in Italia, additivato con principi attivi di origine naturale. Senza polveri, \u00e8 adatta anche ai cuccioli e contribuisce a ridurre i rischi di disturbi respiratori. Altamente agglomerante, forma palline compatte facili da rimuovere, mantenendo la lettiera pulita pi\u00f9 a lungo. I principi attivi naturali svolgono un\u2019azione antibatterica e bloccano la formazione dei cattivi odori, migliorando la qualit\u00e0 dell\u2019aria domestica. Completamente biodegradabile ed ecologica, \u00e8 smaltibile nei rifiuti organici; i grumi possono essere eliminati anche nel WC (max 2 per volta). La profumazione floreale Peonia &amp; Bouganville dona una freschezza delicata e duratura, nel rispetto del benessere del gatto e dell\u2019ambiente. [...]Leer m\u00e1s... from LETTIERA NATURALE PEONIA E BOUGANVILLE\" \/>\n<meta property=\"og:url\" content=\"https:\/\/naturaldermapet.it\/es\/comercio\/caja-de-arena\/lettiera-naturale-peonia-e-bouganville\/\" \/>\n<meta property=\"og:site_name\" content=\"Natural Derma Pet\" \/>\n<meta property=\"article:publisher\" content=\"https:\/\/www.facebook.com\/NaturalDermaPet\" \/>\n<meta property=\"article:modified_time\" content=\"2026-01-20T09:36:51+00:00\" \/>\n<meta property=\"og:image\" content=\"https:\/\/naturaldermapet.it\/wp-content\/uploads\/2025\/12\/lettiera-peonia-bouganville.webp\" \/>\n\t<meta property=\"og:image:width\" content=\"1000\" \/>\n\t<meta property=\"og:image:height\" content=\"1000\" \/>\n\t<meta property=\"og:image:type\" content=\"image\/webp\" \/>\n<meta name=\"twitter:card\" content=\"summary_large_image\" \/>\n<script type=\"application\/ld+json\" class=\"yoast-schema-graph\">{\"@context\":\"https:\/\/schema.org\",\"@graph\":[{\"@type\":\"WebPage\",\"@id\":\"https:\/\/naturaldermapet.it\/shop\/lettiera\/lettiera-naturale-peonia-e-bouganville\/\",\"url\":\"https:\/\/naturaldermapet.it\/shop\/lettiera\/lettiera-naturale-peonia-e-bouganville\/\",\"name\":\"LETTIERA NATURALE PEONIA E BOUGANVILLE - Natural Derma Pet\",\"isPartOf\":{\"@id\":\"https:\/\/naturaldermapet.it\/#website\"},\"primaryImageOfPage\":{\"@id\":\"https:\/\/naturaldermapet.it\/shop\/lettiera\/lettiera-naturale-peonia-e-bouganville\/#primaryimage\"},\"image\":{\"@id\":\"https:\/\/naturaldermapet.it\/shop\/lettiera\/lettiera-naturale-peonia-e-bouganville\/#primaryimage\"},\"thumbnailUrl\":\"https:\/\/naturaldermapet.it\/wp-content\/uploads\/2025\/12\/lettiera-peonia-bouganville.webp\",\"datePublished\":\"2025-12-15T18:00:39+00:00\",\"dateModified\":\"2026-01-20T09:36:51+00:00\",\"breadcrumb\":{\"@id\":\"https:\/\/naturaldermapet.it\/shop\/lettiera\/lettiera-naturale-peonia-e-bouganville\/#breadcrumb\"},\"inLanguage\":\"es\",\"potentialAction\":[{\"@type\":\"ReadAction\",\"target\":[\"https:\/\/naturaldermapet.it\/shop\/lettiera\/lettiera-naturale-peonia-e-bouganville\/\"]}]},{\"@type\":\"ImageObject\",\"inLanguage\":\"es\",\"@id\":\"https:\/\/naturaldermapet.it\/shop\/lettiera\/lettiera-naturale-peonia-e-bouganville\/#primaryimage\",\"url\":\"https:\/\/naturaldermapet.it\/wp-content\/uploads\/2025\/12\/lettiera-peonia-bouganville.webp\",\"contentUrl\":\"https:\/\/naturaldermapet.it\/wp-content\/uploads\/2025\/12\/lettiera-peonia-bouganville.webp\",\"width\":1000,\"height\":1000},{\"@type\":\"BreadcrumbList\",\"@id\":\"https:\/\/naturaldermapet.it\/shop\/lettiera\/lettiera-naturale-peonia-e-bouganville\/#breadcrumb\",\"itemListElement\":[{\"@type\":\"ListItem\",\"position\":1,\"name\":\"Home\",\"item\":\"https:\/\/naturaldermapet.it\/\"},{\"@type\":\"ListItem\",\"position\":2,\"name\":\"Shop\",\"item\":\"https:\/\/naturaldermapet.it\/shop\/\"},{\"@type\":\"ListItem\",\"position\":3,\"name\":\"LETTIERA NATURALE PEONIA E BOUGANVILLE\"}]},{\"@type\":\"WebSite\",\"@id\":\"https:\/\/naturaldermapet.it\/#website\",\"url\":\"https:\/\/naturaldermapet.it\/\",\"name\":\"Natural Derma Pet\",\"description\":\"Cosmesi naturale per cani e gatti\",\"publisher\":{\"@id\":\"https:\/\/naturaldermapet.it\/#organization\"},\"potentialAction\":[{\"@type\":\"SearchAction\",\"target\":{\"@type\":\"EntryPoint\",\"urlTemplate\":\"https:\/\/naturaldermapet.it\/?s={search_term_string}\"},\"query-input\":{\"@type\":\"PropertyValueSpecification\",\"valueRequired\":true,\"valueName\":\"search_term_string\"}}],\"inLanguage\":\"es\"},{\"@type\":\"Organization\",\"@id\":\"https:\/\/naturaldermapet.it\/#organization\",\"name\":\"Natural Derma Pet\",\"url\":\"https:\/\/naturaldermapet.it\/\",\"logo\":{\"@type\":\"ImageObject\",\"inLanguage\":\"es\",\"@id\":\"https:\/\/naturaldermapet.it\/#\/schema\/logo\/image\/\",\"url\":\"https:\/\/naturaldermapet.it\/wp-content\/uploads\/2026\/02\/logo_ndp.png\",\"contentUrl\":\"https:\/\/naturaldermapet.it\/wp-content\/uploads\/2026\/02\/logo_ndp.png\",\"width\":514,\"height\":232,\"caption\":\"Natural Derma Pet\"},\"image\":{\"@id\":\"https:\/\/naturaldermapet.it\/#\/schema\/logo\/image\/\"},\"sameAs\":[\"https:\/\/www.facebook.com\/NaturalDermaPet\",\"https:\/\/www.instagram.com\/naturaldermapet\/\"]}]}<\/script>\n<!-- \/ Yoast SEO plugin. -->","yoast_head_json":{"title":"LETTIERA NATURALE PEONIA E BOUGANVILLE - Natural Derma Pet","robots":{"index":"index","follow":"follow","max-snippet":"max-snippet:-1","max-image-preview":"max-image-preview:large","max-video-preview":"max-video-preview:-1"},"canonical":"https:\/\/naturaldermapet.it\/es\/comercio\/caja-de-arena\/lettiera-naturale-peonia-e-bouganville\/","og_locale":"es_ES","og_type":"article","og_title":"LETTIERA NATURALE PEONIA E BOUGANVILLE - Natural Derma Pet","og_description":"Lettiera 100% naturale composta esclusivamente da mais coltivato in Italia, additivato con principi attivi di origine naturale. Senza polveri, \u00e8 adatta anche ai cuccioli e contribuisce a ridurre i rischi di disturbi respiratori. Altamente agglomerante, forma palline compatte facili da rimuovere, mantenendo la lettiera pulita pi\u00f9 a lungo. I principi attivi naturali svolgono un\u2019azione antibatterica e bloccano la formazione dei cattivi odori, migliorando la qualit\u00e0 dell\u2019aria domestica. Completamente biodegradabile ed ecologica, \u00e8 smaltibile nei rifiuti organici; i grumi possono essere eliminati anche nel WC (max 2 per volta). La profumazione floreale Peonia &amp; Bouganville dona una freschezza delicata e duratura, nel rispetto del benessere del gatto e dell\u2019ambiente. [...]Leer m\u00e1s... from LETTIERA NATURALE PEONIA E BOUGANVILLE","og_url":"https:\/\/naturaldermapet.it\/es\/comercio\/caja-de-arena\/lettiera-naturale-peonia-e-bouganville\/","og_site_name":"Natural Derma Pet","article_publisher":"https:\/\/www.facebook.com\/NaturalDermaPet","article_modified_time":"2026-01-20T09:36:51+00:00","og_image":[{"width":1000,"height":1000,"url":"https:\/\/naturaldermapet.it\/wp-content\/uploads\/2025\/12\/lettiera-peonia-bouganville.webp","type":"image\/webp"}],"twitter_card":"summary_large_image","schema":{"@context":"https:\/\/schema.org","@graph":[{"@type":"WebPage","@id":"https:\/\/naturaldermapet.it\/shop\/lettiera\/lettiera-naturale-peonia-e-bouganville\/","url":"https:\/\/naturaldermapet.it\/shop\/lettiera\/lettiera-naturale-peonia-e-bouganville\/","name":"LETTIERA NATURALE PEONIA E BOUGANVILLE - Natural Derma Pet","isPartOf":{"@id":"https:\/\/naturaldermapet.it\/#website"},"primaryImageOfPage":{"@id":"https:\/\/naturaldermapet.it\/shop\/lettiera\/lettiera-naturale-peonia-e-bouganville\/#primaryimage"},"image":{"@id":"https:\/\/naturaldermapet.it\/shop\/lettiera\/lettiera-naturale-peonia-e-bouganville\/#primaryimage"},"thumbnailUrl":"https:\/\/naturaldermapet.it\/wp-content\/uploads\/2025\/12\/lettiera-peonia-bouganville.webp","datePublished":"2025-12-15T18:00:39+00:00","dateModified":"2026-01-20T09:36:51+00:00","breadcrumb":{"@id":"https:\/\/naturaldermapet.it\/shop\/lettiera\/lettiera-naturale-peonia-e-bouganville\/#breadcrumb"},"inLanguage":"es","potentialAction":[{"@type":"ReadAction","target":["https:\/\/naturaldermapet.it\/shop\/lettiera\/lettiera-naturale-peonia-e-bouganville\/"]}]},{"@type":"ImageObject","inLanguage":"es","@id":"https:\/\/naturaldermapet.it\/shop\/lettiera\/lettiera-naturale-peonia-e-bouganville\/#primaryimage","url":"https:\/\/naturaldermapet.it\/wp-content\/uploads\/2025\/12\/lettiera-peonia-bouganville.webp","contentUrl":"https:\/\/naturaldermapet.it\/wp-content\/uploads\/2025\/12\/lettiera-peonia-bouganville.webp","width":1000,"height":1000},{"@type":"BreadcrumbList","@id":"https:\/\/naturaldermapet.it\/shop\/lettiera\/lettiera-naturale-peonia-e-bouganville\/#breadcrumb","itemListElement":[{"@type":"ListItem","position":1,"name":"Home","item":"https:\/\/naturaldermapet.it\/"},{"@type":"ListItem","position":2,"name":"Shop","item":"https:\/\/naturaldermapet.it\/shop\/"},{"@type":"ListItem","position":3,"name":"LETTIERA NATURALE PEONIA E BOUGANVILLE"}]},{"@type":"WebSite","@id":"https:\/\/naturaldermapet.it\/#website","url":"https:\/\/naturaldermapet.it\/","name":"Natural Derma Pet","description":"Cosm\u00e9ticos naturales para perros y gatos","publisher":{"@id":"https:\/\/naturaldermapet.it\/#organization"},"potentialAction":[{"@type":"SearchAction","target":{"@type":"EntryPoint","urlTemplate":"https:\/\/naturaldermapet.it\/?s={search_term_string}"},"query-input":{"@type":"PropertyValueSpecification","valueRequired":true,"valueName":"search_term_string"}}],"inLanguage":"es"},{"@type":"Organization","@id":"https:\/\/naturaldermapet.it\/#organization","name":"Natural Derma Pet","url":"https:\/\/naturaldermapet.it\/","logo":{"@type":"ImageObject","inLanguage":"es","@id":"https:\/\/naturaldermapet.it\/#\/schema\/logo\/image\/","url":"https:\/\/naturaldermapet.it\/wp-content\/uploads\/2026\/02\/logo_ndp.png","contentUrl":"https:\/\/naturaldermapet.it\/wp-content\/uploads\/2026\/02\/logo_ndp.png","width":514,"height":232,"caption":"Natural Derma Pet"},"image":{"@id":"https:\/\/naturaldermapet.it\/#\/schema\/logo\/image\/"},"sameAs":["https:\/\/www.facebook.com\/NaturalDermaPet","https:\/\/www.instagram.com\/naturaldermapet\/"]}]}},"_links":{"self":[{"href":"https:\/\/naturaldermapet.it\/es\/wp-json\/wp\/v2\/product\/66","targetHints":{"allow":["GET"]}}],"collection":[{"href":"https:\/\/naturaldermapet.it\/es\/wp-json\/wp\/v2\/product"}],"about":[{"href":"https:\/\/naturaldermapet.it\/es\/wp-json\/wp\/v2\/types\/product"}],"replies":[{"embeddable":true,"href":"https:\/\/naturaldermapet.it\/es\/wp-json\/wp\/v2\/comments?post=66"}],"wp:featuredmedia":[{"embeddable":true,"href":"https:\/\/naturaldermapet.it\/es\/wp-json\/wp\/v2\/media\/707"}],"wp:attachment":[{"href":"https:\/\/naturaldermapet.it\/es\/wp-json\/wp\/v2\/media?parent=66"}],"wp:term":[{"taxonomy":"caratteristica","embeddable":true,"href":"https:\/\/naturaldermapet.it\/es\/wp-json\/wp\/v2\/caratteristica?post=66"},{"taxonomy":"collezione","embeddable":true,"href":"https:\/\/naturaldermapet.it\/es\/wp-json\/wp\/v2\/collezione?post=66"},{"taxonomy":"formato","embeddable":true,"href":"https:\/\/naturaldermapet.it\/es\/wp-json\/wp\/v2\/formato?post=66"},{"taxonomy":"razza","embeddable":true,"href":"https:\/\/naturaldermapet.it\/es\/wp-json\/wp\/v2\/razza?post=66"},{"taxonomy":"utilizzo","embeddable":true,"href":"https:\/\/naturaldermapet.it\/es\/wp-json\/wp\/v2\/utilizzo?post=66"},{"taxonomy":"ingrediente-principale","embeddable":true,"href":"https:\/\/naturaldermapet.it\/es\/wp-json\/wp\/v2\/ingrediente-principale?post=66"},{"taxonomy":"product_brand","embeddable":true,"href":"https:\/\/naturaldermapet.it\/es\/wp-json\/wp\/v2\/product_brand?post=66"},{"taxonomy":"product_cat","embeddable":true,"href":"https:\/\/naturaldermapet.it\/es\/wp-json\/wp\/v2\/product_cat?post=66"},{"taxonomy":"product_tag","embeddable":true,"href":"https:\/\/naturaldermapet.it\/es\/wp-json\/wp\/v2\/product_tag?post=66"}],"curies":[{"name":"wp","href":"https:\/\/api.w.org\/{rel}","templated":true}]}}