{"id":90,"date":"2025-12-15T19:02:53","date_gmt":"2025-12-15T18:02:53","guid":{"rendered":"http:\/\/naturaldermapet.it\/product\/shampoo-manti-lunghi\/"},"modified":"2026-01-09T18:19:00","modified_gmt":"2026-01-09T17:19:00","slug":"shampoo-for-long-coats","status":"publish","type":"product","link":"https:\/\/naturaldermapet.it\/en\/shop\/shampoo\/shampoo-for-long-coats\/","title":{"rendered":"SHAMPOO FOR LONG COATS"},"content":{"rendered":"<p class=\"p1\">This shampoo makes all types of long and medium-long coats <b>softer and easier to comb<\/b>. Helps untangle even the most difficult knots and <b>protects the hair from breakage<\/b> deeply hydrating it. With Panthenol: hydrates and nourishes the coat, giving it <b>strength and shine<\/b>. Panthenol, also known as provitamin B5, penetrates the hair shaft, improving its elasticity and resilience. This ingredient not only helps maintain a healthy and strong coat, but also enhances its shine. With Ginkgo Biloba: <b>nourishes and strengthens the coat, making it soft and easy to comb<\/b>. Ginkgo Biloba is rich in <b>antioxidants<\/b> and essential nutrients that promote healthy hair, stimulate microcirculation and promote a<b> more robust growth<\/b>. Furthermore, thanks to its strengthening properties, the coat becomes less prone to breakages and knots.<\/p>","protected":false},"excerpt":{"rendered":"<p data-start=\"0\" data-end=\"264\">Shampoo <strong data-start=\"8\" data-end=\"53\">specifico per manti lunghi e medio-lunghi<\/strong>, studiato per rendere il pelo <strong data-start=\"84\" data-end=\"129\">pi\u00f9 morbido, setoso e facile da pettinare<\/strong>. Aiuta a <strong data-start=\"139\" data-end=\"180\">districare anche i nodi pi\u00f9 difficili<\/strong>, proteggendo il manto dalla <strong data-start=\"209\" data-end=\"220\">rottura<\/strong> e garantendo un\u2019<strong data-start=\"237\" data-end=\"261\">idratazione profonda<\/strong>.<\/p>\n<p data-start=\"266\" data-end=\"608\" data-is-last-node=\"\" data-is-only-node=\"\">Arricchito con <strong data-start=\"281\" data-end=\"311\">Pantenolo (Provitamina B5)<\/strong>, nutre e rafforza il pelo migliorandone <strong data-start=\"352\" data-end=\"391\">elasticit\u00e0, resistenza e lucentezza<\/strong>. Il <strong data-start=\"396\" data-end=\"413\">Ginkgo Biloba<\/strong>, ricco di <strong data-start=\"424\" data-end=\"441\">antiossidanti<\/strong>, contribuisce a <strong data-start=\"458\" data-end=\"491\">rinforzare e nutrire il manto<\/strong>, favorendo una struttura pi\u00f9 sana, una pettinabilit\u00e0 ottimale e un aspetto visibilmente <strong data-start=\"580\" data-end=\"607\">pi\u00f9 luminoso e ordinato<\/strong>.<\/p>\n<p> [&#8230;]<\/p>\n<p><a class=\"btn btn-secondary understrap-read-more-link\" href=\"https:\/\/naturaldermapet.it\/en\/shop\/shampoo\/shampoo-for-long-coats\/\">Read More&#8230;<span class=\"screen-reader-text\"> from SHAMPOO MANTI LUNGHI<\/span><\/a><\/p>\n","protected":false},"featured_media":445,"comment_status":"closed","ping_status":"closed","template":"","meta":{"_acf_changed":false},"caratteristica":[],"collezione":[61],"formato":[],"razza":[46,53,49,59],"utilizzo":[],"ingrediente-principale":[],"product_brand":[],"product_cat":[62],"product_tag":[],"class_list":{"0":"post-90","1":"product","2":"type-product","3":"status-publish","4":"has-post-thumbnail","6":"collezione-detergenza","7":"razza-dachshund-pelo-lungo","8":"razza-english-cocker","9":"razza-scottish-terrier","10":"razza-yorkshire-terrier","11":"product_cat-shampoo","12":"pa_formato-200-ml","14":"first","15":"instock","16":"purchasable","17":"product-type-simple"},"acf":[],"yoast_head":"<!-- This site is optimized with the Yoast SEO plugin v27.0 - https:\/\/yoast.com\/product\/yoast-seo-wordpress\/ -->\n<title>SHAMPOO MANTI LUNGHI - Natural Derma Pet<\/title>\n<meta name=\"robots\" content=\"index, follow, max-snippet:-1, max-image-preview:large, max-video-preview:-1\" \/>\n<link rel=\"canonical\" href=\"https:\/\/naturaldermapet.it\/en\/shop\/shampoo\/shampoo-for-long-coats\/\" \/>\n<meta property=\"og:locale\" content=\"en_GB\" \/>\n<meta property=\"og:type\" content=\"article\" \/>\n<meta property=\"og:title\" content=\"SHAMPOO MANTI LUNGHI - Natural Derma Pet\" \/>\n<meta property=\"og:description\" content=\"Shampoo specifico per manti lunghi e medio-lunghi, studiato per rendere il pelo pi\u00f9 morbido, setoso e facile da pettinare. Aiuta a districare anche i nodi pi\u00f9 difficili, proteggendo il manto dalla rottura e garantendo un\u2019idratazione profonda. Arricchito con Pantenolo (Provitamina B5), nutre e rafforza il pelo migliorandone elasticit\u00e0, resistenza e lucentezza. Il Ginkgo Biloba, ricco di antiossidanti, contribuisce a rinforzare e nutrire il manto, favorendo una struttura pi\u00f9 sana, una pettinabilit\u00e0 ottimale e un aspetto visibilmente pi\u00f9 luminoso e ordinato. [...]Read More... from SHAMPOO MANTI LUNGHI\" \/>\n<meta property=\"og:url\" content=\"https:\/\/naturaldermapet.it\/en\/shop\/shampoo\/shampoo-for-long-coats\/\" \/>\n<meta property=\"og:site_name\" content=\"Natural Derma Pet\" \/>\n<meta property=\"article:publisher\" content=\"https:\/\/www.facebook.com\/NaturalDermaPet\" \/>\n<meta property=\"article:modified_time\" content=\"2026-01-09T17:19:00+00:00\" \/>\n<meta property=\"og:image\" content=\"https:\/\/naturaldermapet.it\/wp-content\/uploads\/2025\/12\/shampoo-cani-manti-lunghi.webp\" \/>\n\t<meta property=\"og:image:width\" content=\"1000\" \/>\n\t<meta property=\"og:image:height\" content=\"1000\" \/>\n\t<meta property=\"og:image:type\" content=\"image\/webp\" \/>\n<meta name=\"twitter:card\" content=\"summary_large_image\" \/>\n<meta name=\"twitter:label1\" content=\"Estimated reading time\" \/>\n\t<meta name=\"twitter:data1\" content=\"1 minute\" \/>\n<script type=\"application\/ld+json\" class=\"yoast-schema-graph\">{\"@context\":\"https:\/\/schema.org\",\"@graph\":[{\"@type\":\"WebPage\",\"@id\":\"https:\/\/naturaldermapet.it\/shop\/shampoo\/shampoo-manti-lunghi\/\",\"url\":\"https:\/\/naturaldermapet.it\/shop\/shampoo\/shampoo-manti-lunghi\/\",\"name\":\"SHAMPOO MANTI LUNGHI - Natural Derma Pet\",\"isPartOf\":{\"@id\":\"https:\/\/naturaldermapet.it\/#website\"},\"primaryImageOfPage\":{\"@id\":\"https:\/\/naturaldermapet.it\/shop\/shampoo\/shampoo-manti-lunghi\/#primaryimage\"},\"image\":{\"@id\":\"https:\/\/naturaldermapet.it\/shop\/shampoo\/shampoo-manti-lunghi\/#primaryimage\"},\"thumbnailUrl\":\"https:\/\/naturaldermapet.it\/wp-content\/uploads\/2025\/12\/shampoo-cani-manti-lunghi.webp\",\"datePublished\":\"2025-12-15T18:02:53+00:00\",\"dateModified\":\"2026-01-09T17:19:00+00:00\",\"breadcrumb\":{\"@id\":\"https:\/\/naturaldermapet.it\/shop\/shampoo\/shampoo-manti-lunghi\/#breadcrumb\"},\"inLanguage\":\"en-GB\",\"potentialAction\":[{\"@type\":\"ReadAction\",\"target\":[\"https:\/\/naturaldermapet.it\/shop\/shampoo\/shampoo-manti-lunghi\/\"]}]},{\"@type\":\"ImageObject\",\"inLanguage\":\"en-GB\",\"@id\":\"https:\/\/naturaldermapet.it\/shop\/shampoo\/shampoo-manti-lunghi\/#primaryimage\",\"url\":\"https:\/\/naturaldermapet.it\/wp-content\/uploads\/2025\/12\/shampoo-cani-manti-lunghi.webp\",\"contentUrl\":\"https:\/\/naturaldermapet.it\/wp-content\/uploads\/2025\/12\/shampoo-cani-manti-lunghi.webp\",\"width\":1000,\"height\":1000},{\"@type\":\"BreadcrumbList\",\"@id\":\"https:\/\/naturaldermapet.it\/shop\/shampoo\/shampoo-manti-lunghi\/#breadcrumb\",\"itemListElement\":[{\"@type\":\"ListItem\",\"position\":1,\"name\":\"Home\",\"item\":\"https:\/\/naturaldermapet.it\/\"},{\"@type\":\"ListItem\",\"position\":2,\"name\":\"Shop\",\"item\":\"https:\/\/naturaldermapet.it\/shop\/\"},{\"@type\":\"ListItem\",\"position\":3,\"name\":\"SHAMPOO MANTI LUNGHI\"}]},{\"@type\":\"WebSite\",\"@id\":\"https:\/\/naturaldermapet.it\/#website\",\"url\":\"https:\/\/naturaldermapet.it\/\",\"name\":\"Natural Derma Pet\",\"description\":\"Cosmesi naturale per cani e gatti\",\"publisher\":{\"@id\":\"https:\/\/naturaldermapet.it\/#organization\"},\"potentialAction\":[{\"@type\":\"SearchAction\",\"target\":{\"@type\":\"EntryPoint\",\"urlTemplate\":\"https:\/\/naturaldermapet.it\/?s={search_term_string}\"},\"query-input\":{\"@type\":\"PropertyValueSpecification\",\"valueRequired\":true,\"valueName\":\"search_term_string\"}}],\"inLanguage\":\"en-GB\"},{\"@type\":\"Organization\",\"@id\":\"https:\/\/naturaldermapet.it\/#organization\",\"name\":\"Natural Derma Pet\",\"url\":\"https:\/\/naturaldermapet.it\/\",\"logo\":{\"@type\":\"ImageObject\",\"inLanguage\":\"en-GB\",\"@id\":\"https:\/\/naturaldermapet.it\/#\/schema\/logo\/image\/\",\"url\":\"https:\/\/naturaldermapet.it\/wp-content\/uploads\/2026\/02\/logo_ndp.png\",\"contentUrl\":\"https:\/\/naturaldermapet.it\/wp-content\/uploads\/2026\/02\/logo_ndp.png\",\"width\":514,\"height\":232,\"caption\":\"Natural Derma Pet\"},\"image\":{\"@id\":\"https:\/\/naturaldermapet.it\/#\/schema\/logo\/image\/\"},\"sameAs\":[\"https:\/\/www.facebook.com\/NaturalDermaPet\",\"https:\/\/www.instagram.com\/naturaldermapet\/\"]}]}<\/script>\n<!-- \/ Yoast SEO plugin. -->","yoast_head_json":{"title":"SHAMPOO FOR LONG COATS - Natural Derma Pet","robots":{"index":"index","follow":"follow","max-snippet":"max-snippet:-1","max-image-preview":"max-image-preview:large","max-video-preview":"max-video-preview:-1"},"canonical":"https:\/\/naturaldermapet.it\/en\/shop\/shampoo\/shampoo-for-long-coats\/","og_locale":"en_GB","og_type":"article","og_title":"SHAMPOO MANTI LUNGHI - Natural Derma Pet","og_description":"Shampoo specifico per manti lunghi e medio-lunghi, studiato per rendere il pelo pi\u00f9 morbido, setoso e facile da pettinare. Aiuta a districare anche i nodi pi\u00f9 difficili, proteggendo il manto dalla rottura e garantendo un\u2019idratazione profonda. Arricchito con Pantenolo (Provitamina B5), nutre e rafforza il pelo migliorandone elasticit\u00e0, resistenza e lucentezza. Il Ginkgo Biloba, ricco di antiossidanti, contribuisce a rinforzare e nutrire il manto, favorendo una struttura pi\u00f9 sana, una pettinabilit\u00e0 ottimale e un aspetto visibilmente pi\u00f9 luminoso e ordinato. [...]Read More... from SHAMPOO MANTI LUNGHI","og_url":"https:\/\/naturaldermapet.it\/en\/shop\/shampoo\/shampoo-for-long-coats\/","og_site_name":"Natural Derma Pet","article_publisher":"https:\/\/www.facebook.com\/NaturalDermaPet","article_modified_time":"2026-01-09T17:19:00+00:00","og_image":[{"width":1000,"height":1000,"url":"https:\/\/naturaldermapet.it\/wp-content\/uploads\/2025\/12\/shampoo-cani-manti-lunghi.webp","type":"image\/webp"}],"twitter_card":"summary_large_image","twitter_misc":{"Estimated reading time":"1 minute"},"schema":{"@context":"https:\/\/schema.org","@graph":[{"@type":"WebPage","@id":"https:\/\/naturaldermapet.it\/shop\/shampoo\/shampoo-manti-lunghi\/","url":"https:\/\/naturaldermapet.it\/shop\/shampoo\/shampoo-manti-lunghi\/","name":"SHAMPOO FOR LONG COATS - Natural Derma Pet","isPartOf":{"@id":"https:\/\/naturaldermapet.it\/#website"},"primaryImageOfPage":{"@id":"https:\/\/naturaldermapet.it\/shop\/shampoo\/shampoo-manti-lunghi\/#primaryimage"},"image":{"@id":"https:\/\/naturaldermapet.it\/shop\/shampoo\/shampoo-manti-lunghi\/#primaryimage"},"thumbnailUrl":"https:\/\/naturaldermapet.it\/wp-content\/uploads\/2025\/12\/shampoo-cani-manti-lunghi.webp","datePublished":"2025-12-15T18:02:53+00:00","dateModified":"2026-01-09T17:19:00+00:00","breadcrumb":{"@id":"https:\/\/naturaldermapet.it\/shop\/shampoo\/shampoo-manti-lunghi\/#breadcrumb"},"inLanguage":"en-GB","potentialAction":[{"@type":"ReadAction","target":["https:\/\/naturaldermapet.it\/shop\/shampoo\/shampoo-manti-lunghi\/"]}]},{"@type":"ImageObject","inLanguage":"en-GB","@id":"https:\/\/naturaldermapet.it\/shop\/shampoo\/shampoo-manti-lunghi\/#primaryimage","url":"https:\/\/naturaldermapet.it\/wp-content\/uploads\/2025\/12\/shampoo-cani-manti-lunghi.webp","contentUrl":"https:\/\/naturaldermapet.it\/wp-content\/uploads\/2025\/12\/shampoo-cani-manti-lunghi.webp","width":1000,"height":1000},{"@type":"BreadcrumbList","@id":"https:\/\/naturaldermapet.it\/shop\/shampoo\/shampoo-manti-lunghi\/#breadcrumb","itemListElement":[{"@type":"ListItem","position":1,"name":"Home","item":"https:\/\/naturaldermapet.it\/"},{"@type":"ListItem","position":2,"name":"Shop","item":"https:\/\/naturaldermapet.it\/shop\/"},{"@type":"ListItem","position":3,"name":"SHAMPOO MANTI LUNGHI"}]},{"@type":"WebSite","@id":"https:\/\/naturaldermapet.it\/#website","url":"https:\/\/naturaldermapet.it\/","name":"Natural Derma Pet","description":"Natural cosmetics for dogs and cats","publisher":{"@id":"https:\/\/naturaldermapet.it\/#organization"},"potentialAction":[{"@type":"SearchAction","target":{"@type":"EntryPoint","urlTemplate":"https:\/\/naturaldermapet.it\/?s={search_term_string}"},"query-input":{"@type":"PropertyValueSpecification","valueRequired":true,"valueName":"search_term_string"}}],"inLanguage":"en-GB"},{"@type":"Organization","@id":"https:\/\/naturaldermapet.it\/#organization","name":"Natural Derma Pet","url":"https:\/\/naturaldermapet.it\/","logo":{"@type":"ImageObject","inLanguage":"en-GB","@id":"https:\/\/naturaldermapet.it\/#\/schema\/logo\/image\/","url":"https:\/\/naturaldermapet.it\/wp-content\/uploads\/2026\/02\/logo_ndp.png","contentUrl":"https:\/\/naturaldermapet.it\/wp-content\/uploads\/2026\/02\/logo_ndp.png","width":514,"height":232,"caption":"Natural Derma Pet"},"image":{"@id":"https:\/\/naturaldermapet.it\/#\/schema\/logo\/image\/"},"sameAs":["https:\/\/www.facebook.com\/NaturalDermaPet","https:\/\/www.instagram.com\/naturaldermapet\/"]}]}},"_links":{"self":[{"href":"https:\/\/naturaldermapet.it\/en\/wp-json\/wp\/v2\/product\/90","targetHints":{"allow":["GET"]}}],"collection":[{"href":"https:\/\/naturaldermapet.it\/en\/wp-json\/wp\/v2\/product"}],"about":[{"href":"https:\/\/naturaldermapet.it\/en\/wp-json\/wp\/v2\/types\/product"}],"replies":[{"embeddable":true,"href":"https:\/\/naturaldermapet.it\/en\/wp-json\/wp\/v2\/comments?post=90"}],"wp:featuredmedia":[{"embeddable":true,"href":"https:\/\/naturaldermapet.it\/en\/wp-json\/wp\/v2\/media\/445"}],"wp:attachment":[{"href":"https:\/\/naturaldermapet.it\/en\/wp-json\/wp\/v2\/media?parent=90"}],"wp:term":[{"taxonomy":"caratteristica","embeddable":true,"href":"https:\/\/naturaldermapet.it\/en\/wp-json\/wp\/v2\/caratteristica?post=90"},{"taxonomy":"collezione","embeddable":true,"href":"https:\/\/naturaldermapet.it\/en\/wp-json\/wp\/v2\/collezione?post=90"},{"taxonomy":"formato","embeddable":true,"href":"https:\/\/naturaldermapet.it\/en\/wp-json\/wp\/v2\/formato?post=90"},{"taxonomy":"razza","embeddable":true,"href":"https:\/\/naturaldermapet.it\/en\/wp-json\/wp\/v2\/razza?post=90"},{"taxonomy":"utilizzo","embeddable":true,"href":"https:\/\/naturaldermapet.it\/en\/wp-json\/wp\/v2\/utilizzo?post=90"},{"taxonomy":"ingrediente-principale","embeddable":true,"href":"https:\/\/naturaldermapet.it\/en\/wp-json\/wp\/v2\/ingrediente-principale?post=90"},{"taxonomy":"product_brand","embeddable":true,"href":"https:\/\/naturaldermapet.it\/en\/wp-json\/wp\/v2\/product_brand?post=90"},{"taxonomy":"product_cat","embeddable":true,"href":"https:\/\/naturaldermapet.it\/en\/wp-json\/wp\/v2\/product_cat?post=90"},{"taxonomy":"product_tag","embeddable":true,"href":"https:\/\/naturaldermapet.it\/en\/wp-json\/wp\/v2\/product_tag?post=90"}],"curies":[{"name":"wp","href":"https:\/\/api.w.org\/{rel}","templated":true}]}}