{"id":511,"date":"2026-01-13T11:44:37","date_gmt":"2026-01-13T10:44:37","guid":{"rendered":"http:\/\/naturaldermapet.it\/?post_type=product&#038;p=511"},"modified":"2026-01-13T11:55:22","modified_gmt":"2026-01-13T10:55:22","slug":"balsamo-ammorbidente","status":"publish","type":"product","link":"https:\/\/naturaldermapet.it\/en\/shop\/balsamo\/balsamo-ammorbidente\/","title":{"rendered":"BALSAMO AMMORBIDENTE"},"content":{"rendered":"<p class=\"p1\">Balsamo naturale ad azione nutriente e condizionante che avvolge il manto, rendendolo estremamente <b>morbido, lucente e setoso<\/b> al tatto. La formula, leggera ma profondamente trattante, \u00e8 arricchita con prezioso olio di Cacay, naturalmente ricco di vitamina E e retinolo vegetale, che nutre in profondit\u00e0 senza appesantire n\u00e9 ungere il pelo e <b>rendendolo estremamente morbido<\/b>. Gli estratti di mora, lampone e fragola, ad alto contenuto di <b>antiossidanti<\/b>, aiutano a proteggere il manto dai fattori esterni, mantenendolo idratato, elastico e pi\u00f9 resistente. L\u2019azione districante facilita la pettinatura, riducendo nodi e rotture del pelo. Con Pantenolo (provitamina B5) dall<b>\u2019elevato potere idratante e lenitivo<\/b>. Sui manti secchi o stressati aiuta a trattenere l\u2019acqua all\u2019interno del fusto del pelo, migliorandone elasticit\u00e0 e resistenza. Grazie alla sua azione emolliente, rende il manto <b>visibilmente pi\u00f9 morbido<\/b>, liscio e facile da pettinare, contribuendo al tempo stesso a proteggerlo da secchezza, opacit\u00e0 e stress causati da lavaggi frequenti o agenti esterni.<\/p>","protected":false},"excerpt":{"rendered":"<p><strong data-start=\"0\" data-end=\"33\" data-is-only-node=\"\">Balsamo ammorbidente per cani<\/strong> dalla <strong data-start=\"40\" data-end=\"86\">formula naturale nutriente e condizionante<\/strong>, ideale per rendere il <strong data-start=\"110\" data-end=\"158\">manto estremamente morbido, lucente e setoso<\/strong>. Arricchito con <strong data-start=\"175\" data-end=\"192\">olio di Cacay<\/strong>, naturalmente ricco di <strong data-start=\"216\" data-end=\"250\">vitamina E e retinolo vegetale<\/strong>, nutre in profondit\u00e0 <strong data-start=\"272\" data-end=\"303\">senza appesantire n\u00e9 ungere<\/strong> il pelo. Gli <strong data-start=\"317\" data-end=\"356\">estratti di mora, lampone e fragola<\/strong>, ad alto contenuto di <strong data-start=\"379\" data-end=\"396\">antiossidanti<\/strong>, aiutano a <strong data-start=\"408\" data-end=\"452\">proteggere il manto dagli agenti esterni<\/strong>, mantenendolo <strong data-start=\"467\" data-end=\"491\">idratato ed elastico<\/strong>. L\u2019<strong data-start=\"495\" data-end=\"517\">azione districante<\/strong> facilita la <strong data-start=\"530\" data-end=\"545\">pettinatura<\/strong>, riducendo nodi e rotture, mentre il <strong data-start=\"583\" data-end=\"613\">Pantenolo (provitamina B5)<\/strong> svolge un\u2019azione <strong data-start=\"631\" data-end=\"655\">idratante e lenitiva<\/strong>, migliorando <strong data-start=\"669\" data-end=\"708\">elasticit\u00e0, resistenza e luminosit\u00e0<\/strong> anche sui <strong data-start=\"719\" data-end=\"747\">manti secchi o stressati<\/strong>. [&#8230;]<\/p>\n<p><a class=\"btn btn-secondary understrap-read-more-link\" href=\"https:\/\/naturaldermapet.it\/en\/shop\/balsamo\/balsamo-ammorbidente\/\">Read More&#8230;<span class=\"screen-reader-text\"> from BALSAMO AMMORBIDENTE<\/span><\/a><\/p>\n","protected":false},"featured_media":512,"comment_status":"closed","ping_status":"closed","template":"","meta":{"_acf_changed":false},"caratteristica":[],"collezione":[72],"formato":[],"razza":[45],"utilizzo":[],"ingrediente-principale":[],"product_brand":[],"product_cat":[67],"product_tag":[],"class_list":{"0":"post-511","1":"product","2":"type-product","3":"status-publish","4":"has-post-thumbnail","6":"collezione-post-detergenza","7":"razza-dachshund-pelo-ruvido","8":"product_cat-balsamo","9":"pa_formato-150-ml","11":"first","12":"instock","13":"purchasable","14":"product-type-simple"},"acf":[],"yoast_head":"<!-- This site is optimized with the Yoast SEO plugin v27.0 - https:\/\/yoast.com\/product\/yoast-seo-wordpress\/ -->\n<title>BALSAMO AMMORBIDENTE - Natural Derma Pet<\/title>\n<meta name=\"robots\" content=\"index, follow, max-snippet:-1, max-image-preview:large, max-video-preview:-1\" \/>\n<link rel=\"canonical\" href=\"https:\/\/naturaldermapet.it\/en\/shop\/balsamo\/balsamo-ammorbidente\/\" \/>\n<meta property=\"og:locale\" content=\"en_GB\" \/>\n<meta property=\"og:type\" content=\"article\" \/>\n<meta property=\"og:title\" content=\"BALSAMO AMMORBIDENTE - Natural Derma Pet\" \/>\n<meta property=\"og:description\" content=\"Balsamo ammorbidente per cani dalla formula naturale nutriente e condizionante, ideale per rendere il manto estremamente morbido, lucente e setoso. Arricchito con olio di Cacay, naturalmente ricco di vitamina E e retinolo vegetale, nutre in profondit\u00e0 senza appesantire n\u00e9 ungere il pelo. Gli estratti di mora, lampone e fragola, ad alto contenuto di antiossidanti, aiutano a proteggere il manto dagli agenti esterni, mantenendolo idratato ed elastico. L\u2019azione districante facilita la pettinatura, riducendo nodi e rotture, mentre il Pantenolo (provitamina B5) svolge un\u2019azione idratante e lenitiva, migliorando elasticit\u00e0, resistenza e luminosit\u00e0 anche sui manti secchi o stressati. [...]Read More... from BALSAMO AMMORBIDENTE\" \/>\n<meta property=\"og:url\" content=\"https:\/\/naturaldermapet.it\/en\/shop\/balsamo\/balsamo-ammorbidente\/\" \/>\n<meta property=\"og:site_name\" content=\"Natural Derma Pet\" \/>\n<meta property=\"article:publisher\" content=\"https:\/\/www.facebook.com\/NaturalDermaPet\" \/>\n<meta property=\"article:modified_time\" content=\"2026-01-13T10:55:22+00:00\" \/>\n<meta property=\"og:image\" content=\"https:\/\/naturaldermapet.it\/wp-content\/uploads\/2026\/01\/balsamo-ammorbidente-cani.webp\" \/>\n\t<meta property=\"og:image:width\" content=\"1000\" \/>\n\t<meta property=\"og:image:height\" content=\"1000\" \/>\n\t<meta property=\"og:image:type\" content=\"image\/webp\" \/>\n<meta name=\"twitter:card\" content=\"summary_large_image\" \/>\n<meta name=\"twitter:label1\" content=\"Estimated reading time\" \/>\n\t<meta name=\"twitter:data1\" content=\"1 minute\" \/>\n<script type=\"application\/ld+json\" class=\"yoast-schema-graph\">{\"@context\":\"https:\/\/schema.org\",\"@graph\":[{\"@type\":\"WebPage\",\"@id\":\"https:\/\/naturaldermapet.it\/shop\/balsamo\/balsamo-ammorbidente\/\",\"url\":\"https:\/\/naturaldermapet.it\/shop\/balsamo\/balsamo-ammorbidente\/\",\"name\":\"BALSAMO AMMORBIDENTE - Natural Derma Pet\",\"isPartOf\":{\"@id\":\"https:\/\/naturaldermapet.it\/#website\"},\"primaryImageOfPage\":{\"@id\":\"https:\/\/naturaldermapet.it\/shop\/balsamo\/balsamo-ammorbidente\/#primaryimage\"},\"image\":{\"@id\":\"https:\/\/naturaldermapet.it\/shop\/balsamo\/balsamo-ammorbidente\/#primaryimage\"},\"thumbnailUrl\":\"https:\/\/naturaldermapet.it\/wp-content\/uploads\/2026\/01\/balsamo-ammorbidente-cani.webp\",\"datePublished\":\"2026-01-13T10:44:37+00:00\",\"dateModified\":\"2026-01-13T10:55:22+00:00\",\"breadcrumb\":{\"@id\":\"https:\/\/naturaldermapet.it\/shop\/balsamo\/balsamo-ammorbidente\/#breadcrumb\"},\"inLanguage\":\"en-GB\",\"potentialAction\":[{\"@type\":\"ReadAction\",\"target\":[\"https:\/\/naturaldermapet.it\/shop\/balsamo\/balsamo-ammorbidente\/\"]}]},{\"@type\":\"ImageObject\",\"inLanguage\":\"en-GB\",\"@id\":\"https:\/\/naturaldermapet.it\/shop\/balsamo\/balsamo-ammorbidente\/#primaryimage\",\"url\":\"https:\/\/naturaldermapet.it\/wp-content\/uploads\/2026\/01\/balsamo-ammorbidente-cani.webp\",\"contentUrl\":\"https:\/\/naturaldermapet.it\/wp-content\/uploads\/2026\/01\/balsamo-ammorbidente-cani.webp\",\"width\":1000,\"height\":1000},{\"@type\":\"BreadcrumbList\",\"@id\":\"https:\/\/naturaldermapet.it\/shop\/balsamo\/balsamo-ammorbidente\/#breadcrumb\",\"itemListElement\":[{\"@type\":\"ListItem\",\"position\":1,\"name\":\"Home\",\"item\":\"https:\/\/naturaldermapet.it\/\"},{\"@type\":\"ListItem\",\"position\":2,\"name\":\"Shop\",\"item\":\"https:\/\/naturaldermapet.it\/shop\/\"},{\"@type\":\"ListItem\",\"position\":3,\"name\":\"BALSAMO AMMORBIDENTE\"}]},{\"@type\":\"WebSite\",\"@id\":\"https:\/\/naturaldermapet.it\/#website\",\"url\":\"https:\/\/naturaldermapet.it\/\",\"name\":\"Natural Derma Pet\",\"description\":\"Cosmesi naturale per cani e gatti\",\"publisher\":{\"@id\":\"https:\/\/naturaldermapet.it\/#organization\"},\"potentialAction\":[{\"@type\":\"SearchAction\",\"target\":{\"@type\":\"EntryPoint\",\"urlTemplate\":\"https:\/\/naturaldermapet.it\/?s={search_term_string}\"},\"query-input\":{\"@type\":\"PropertyValueSpecification\",\"valueRequired\":true,\"valueName\":\"search_term_string\"}}],\"inLanguage\":\"en-GB\"},{\"@type\":\"Organization\",\"@id\":\"https:\/\/naturaldermapet.it\/#organization\",\"name\":\"Natural Derma Pet\",\"url\":\"https:\/\/naturaldermapet.it\/\",\"logo\":{\"@type\":\"ImageObject\",\"inLanguage\":\"en-GB\",\"@id\":\"https:\/\/naturaldermapet.it\/#\/schema\/logo\/image\/\",\"url\":\"https:\/\/naturaldermapet.it\/wp-content\/uploads\/2026\/02\/logo_ndp.png\",\"contentUrl\":\"https:\/\/naturaldermapet.it\/wp-content\/uploads\/2026\/02\/logo_ndp.png\",\"width\":514,\"height\":232,\"caption\":\"Natural Derma Pet\"},\"image\":{\"@id\":\"https:\/\/naturaldermapet.it\/#\/schema\/logo\/image\/\"},\"sameAs\":[\"https:\/\/www.facebook.com\/NaturalDermaPet\",\"https:\/\/www.instagram.com\/naturaldermapet\/\"]}]}<\/script>\n<!-- \/ Yoast SEO plugin. -->","yoast_head_json":{"title":"BALSAMO AMMORBIDENTE - Natural Derma Pet","robots":{"index":"index","follow":"follow","max-snippet":"max-snippet:-1","max-image-preview":"max-image-preview:large","max-video-preview":"max-video-preview:-1"},"canonical":"https:\/\/naturaldermapet.it\/en\/shop\/balsamo\/balsamo-ammorbidente\/","og_locale":"en_GB","og_type":"article","og_title":"BALSAMO AMMORBIDENTE - Natural Derma Pet","og_description":"Balsamo ammorbidente per cani dalla formula naturale nutriente e condizionante, ideale per rendere il manto estremamente morbido, lucente e setoso. Arricchito con olio di Cacay, naturalmente ricco di vitamina E e retinolo vegetale, nutre in profondit\u00e0 senza appesantire n\u00e9 ungere il pelo. Gli estratti di mora, lampone e fragola, ad alto contenuto di antiossidanti, aiutano a proteggere il manto dagli agenti esterni, mantenendolo idratato ed elastico. L\u2019azione districante facilita la pettinatura, riducendo nodi e rotture, mentre il Pantenolo (provitamina B5) svolge un\u2019azione idratante e lenitiva, migliorando elasticit\u00e0, resistenza e luminosit\u00e0 anche sui manti secchi o stressati. [...]Read More... from BALSAMO AMMORBIDENTE","og_url":"https:\/\/naturaldermapet.it\/en\/shop\/balsamo\/balsamo-ammorbidente\/","og_site_name":"Natural Derma Pet","article_publisher":"https:\/\/www.facebook.com\/NaturalDermaPet","article_modified_time":"2026-01-13T10:55:22+00:00","og_image":[{"width":1000,"height":1000,"url":"https:\/\/naturaldermapet.it\/wp-content\/uploads\/2026\/01\/balsamo-ammorbidente-cani.webp","type":"image\/webp"}],"twitter_card":"summary_large_image","twitter_misc":{"Estimated reading time":"1 minute"},"schema":{"@context":"https:\/\/schema.org","@graph":[{"@type":"WebPage","@id":"https:\/\/naturaldermapet.it\/shop\/balsamo\/balsamo-ammorbidente\/","url":"https:\/\/naturaldermapet.it\/shop\/balsamo\/balsamo-ammorbidente\/","name":"BALSAMO AMMORBIDENTE - Natural Derma Pet","isPartOf":{"@id":"https:\/\/naturaldermapet.it\/#website"},"primaryImageOfPage":{"@id":"https:\/\/naturaldermapet.it\/shop\/balsamo\/balsamo-ammorbidente\/#primaryimage"},"image":{"@id":"https:\/\/naturaldermapet.it\/shop\/balsamo\/balsamo-ammorbidente\/#primaryimage"},"thumbnailUrl":"https:\/\/naturaldermapet.it\/wp-content\/uploads\/2026\/01\/balsamo-ammorbidente-cani.webp","datePublished":"2026-01-13T10:44:37+00:00","dateModified":"2026-01-13T10:55:22+00:00","breadcrumb":{"@id":"https:\/\/naturaldermapet.it\/shop\/balsamo\/balsamo-ammorbidente\/#breadcrumb"},"inLanguage":"en-GB","potentialAction":[{"@type":"ReadAction","target":["https:\/\/naturaldermapet.it\/shop\/balsamo\/balsamo-ammorbidente\/"]}]},{"@type":"ImageObject","inLanguage":"en-GB","@id":"https:\/\/naturaldermapet.it\/shop\/balsamo\/balsamo-ammorbidente\/#primaryimage","url":"https:\/\/naturaldermapet.it\/wp-content\/uploads\/2026\/01\/balsamo-ammorbidente-cani.webp","contentUrl":"https:\/\/naturaldermapet.it\/wp-content\/uploads\/2026\/01\/balsamo-ammorbidente-cani.webp","width":1000,"height":1000},{"@type":"BreadcrumbList","@id":"https:\/\/naturaldermapet.it\/shop\/balsamo\/balsamo-ammorbidente\/#breadcrumb","itemListElement":[{"@type":"ListItem","position":1,"name":"Home","item":"https:\/\/naturaldermapet.it\/"},{"@type":"ListItem","position":2,"name":"Shop","item":"https:\/\/naturaldermapet.it\/shop\/"},{"@type":"ListItem","position":3,"name":"BALSAMO AMMORBIDENTE"}]},{"@type":"WebSite","@id":"https:\/\/naturaldermapet.it\/#website","url":"https:\/\/naturaldermapet.it\/","name":"Natural Derma Pet","description":"Cosmesi naturale per cani e gatti","publisher":{"@id":"https:\/\/naturaldermapet.it\/#organization"},"potentialAction":[{"@type":"SearchAction","target":{"@type":"EntryPoint","urlTemplate":"https:\/\/naturaldermapet.it\/?s={search_term_string}"},"query-input":{"@type":"PropertyValueSpecification","valueRequired":true,"valueName":"search_term_string"}}],"inLanguage":"en-GB"},{"@type":"Organization","@id":"https:\/\/naturaldermapet.it\/#organization","name":"Natural Derma Pet","url":"https:\/\/naturaldermapet.it\/","logo":{"@type":"ImageObject","inLanguage":"en-GB","@id":"https:\/\/naturaldermapet.it\/#\/schema\/logo\/image\/","url":"https:\/\/naturaldermapet.it\/wp-content\/uploads\/2026\/02\/logo_ndp.png","contentUrl":"https:\/\/naturaldermapet.it\/wp-content\/uploads\/2026\/02\/logo_ndp.png","width":514,"height":232,"caption":"Natural Derma Pet"},"image":{"@id":"https:\/\/naturaldermapet.it\/#\/schema\/logo\/image\/"},"sameAs":["https:\/\/www.facebook.com\/NaturalDermaPet","https:\/\/www.instagram.com\/naturaldermapet\/"]}]}},"_links":{"self":[{"href":"https:\/\/naturaldermapet.it\/en\/wp-json\/wp\/v2\/product\/511","targetHints":{"allow":["GET"]}}],"collection":[{"href":"https:\/\/naturaldermapet.it\/en\/wp-json\/wp\/v2\/product"}],"about":[{"href":"https:\/\/naturaldermapet.it\/en\/wp-json\/wp\/v2\/types\/product"}],"replies":[{"embeddable":true,"href":"https:\/\/naturaldermapet.it\/en\/wp-json\/wp\/v2\/comments?post=511"}],"wp:featuredmedia":[{"embeddable":true,"href":"https:\/\/naturaldermapet.it\/en\/wp-json\/wp\/v2\/media\/512"}],"wp:attachment":[{"href":"https:\/\/naturaldermapet.it\/en\/wp-json\/wp\/v2\/media?parent=511"}],"wp:term":[{"taxonomy":"caratteristica","embeddable":true,"href":"https:\/\/naturaldermapet.it\/en\/wp-json\/wp\/v2\/caratteristica?post=511"},{"taxonomy":"collezione","embeddable":true,"href":"https:\/\/naturaldermapet.it\/en\/wp-json\/wp\/v2\/collezione?post=511"},{"taxonomy":"formato","embeddable":true,"href":"https:\/\/naturaldermapet.it\/en\/wp-json\/wp\/v2\/formato?post=511"},{"taxonomy":"razza","embeddable":true,"href":"https:\/\/naturaldermapet.it\/en\/wp-json\/wp\/v2\/razza?post=511"},{"taxonomy":"utilizzo","embeddable":true,"href":"https:\/\/naturaldermapet.it\/en\/wp-json\/wp\/v2\/utilizzo?post=511"},{"taxonomy":"ingrediente-principale","embeddable":true,"href":"https:\/\/naturaldermapet.it\/en\/wp-json\/wp\/v2\/ingrediente-principale?post=511"},{"taxonomy":"product_brand","embeddable":true,"href":"https:\/\/naturaldermapet.it\/en\/wp-json\/wp\/v2\/product_brand?post=511"},{"taxonomy":"product_cat","embeddable":true,"href":"https:\/\/naturaldermapet.it\/en\/wp-json\/wp\/v2\/product_cat?post=511"},{"taxonomy":"product_tag","embeddable":true,"href":"https:\/\/naturaldermapet.it\/en\/wp-json\/wp\/v2\/product_tag?post=511"}],"curies":[{"name":"wp","href":"https:\/\/api.w.org\/{rel}","templated":true}]}}