{"id":288,"date":"2025-12-15T19:08:07","date_gmt":"2025-12-15T18:08:07","guid":{"rendered":"http:\/\/naturaldermapet.it\/product\/fragrance-6-bergamotto-fiori-darancio\/"},"modified":"2026-01-19T16:04:42","modified_gmt":"2026-01-19T15:04:42","slug":"fragrance-6-bergamotto-fiori-darancio","status":"publish","type":"product","link":"https:\/\/naturaldermapet.it\/en\/shop\/profumo\/fragrance-6-bergamotto-fiori-darancio\/","title":{"rendered":"FRAGRANCE 6: BERGAMOTTO &#038; FIORI D&#8217;ARANCIO"},"content":{"rendered":"<p class=\"p1\"><span class=\"s1\">Profumo fresco e vivace offre una <b>combinazione di agrumi frizzanti e fiori dolci<\/b>, creando un\u2019atmosfera di allegria e vitalit\u00e0. Ideale per un momento di gioia e felicit\u00e0 con il tuo amico a quattro zampe, avvolgendo entrambi in un\u2019aura di positivit\u00e0.<\/span><\/p>","protected":false},"excerpt":{"rendered":"<p><strong data-start=\"0\" data-end=\"36\" data-is-only-node=\"\">Profumo fresco e vivace per cani<\/strong>, con una <strong data-start=\"46\" data-end=\"82\">combinazione di agrumi frizzanti<\/strong> e <strong data-start=\"85\" data-end=\"100\">fiori dolci<\/strong>. La fragranza crea un\u2019<strong data-start=\"123\" data-end=\"159\">atmosfera di allegria e vitalit\u00e0<\/strong>, ideale per <strong data-start=\"172\" data-end=\"203\">momenti di gioia e felicit\u00e0<\/strong> con il tuo <strong data-start=\"215\" data-end=\"240\">amico a quattro zampe<\/strong>, avvolgendo entrambi in una <strong data-start=\"269\" data-end=\"301\">piacevole aura di positivit\u00e0<\/strong>, nel rispetto della <strong data-start=\"322\" data-end=\"347\">sensibilit\u00e0 olfattiva<\/strong>. [&#8230;]<\/p>\n<p><a class=\"btn btn-secondary understrap-read-more-link\" href=\"https:\/\/naturaldermapet.it\/en\/shop\/profumo\/fragrance-6-bergamotto-fiori-darancio\/\">Read More&#8230;<span class=\"screen-reader-text\"> from FRAGRANCE 6: BERGAMOTTO &#038; FIORI D&#8217;ARANCIO<\/span><\/a><\/p>\n","protected":false},"featured_media":701,"comment_status":"closed","ping_status":"closed","template":"","meta":{"_acf_changed":false},"caratteristica":[],"collezione":[76],"formato":[],"razza":[71],"utilizzo":[],"ingrediente-principale":[],"product_brand":[],"product_cat":[75],"product_tag":[],"class_list":{"0":"post-288","1":"product","2":"type-product","3":"status-publish","4":"has-post-thumbnail","6":"collezione-profumi","7":"razza-cani","8":"product_cat-profumo","10":"first","11":"instock","12":"purchasable","13":"product-type-simple"},"acf":[],"yoast_head":"<!-- This site is optimized with the Yoast SEO plugin v27.0 - https:\/\/yoast.com\/product\/yoast-seo-wordpress\/ -->\n<title>FRAGRANCE 6: BERGAMOTTO &amp; FIORI D&#039;ARANCIO - Natural Derma Pet<\/title>\n<meta name=\"robots\" content=\"index, follow, max-snippet:-1, max-image-preview:large, max-video-preview:-1\" \/>\n<link rel=\"canonical\" href=\"https:\/\/naturaldermapet.it\/en\/shop\/profumo\/fragrance-6-bergamotto-fiori-darancio\/\" \/>\n<meta property=\"og:locale\" content=\"en_GB\" \/>\n<meta property=\"og:type\" content=\"article\" \/>\n<meta property=\"og:title\" content=\"FRAGRANCE 6: BERGAMOTTO &amp; FIORI D&#039;ARANCIO - Natural Derma Pet\" \/>\n<meta property=\"og:description\" content=\"Profumo fresco e vivace per cani, con una combinazione di agrumi frizzanti e fiori dolci. La fragranza crea un\u2019atmosfera di allegria e vitalit\u00e0, ideale per momenti di gioia e felicit\u00e0 con il tuo amico a quattro zampe, avvolgendo entrambi in una piacevole aura di positivit\u00e0, nel rispetto della sensibilit\u00e0 olfattiva. [...]Read More... from FRAGRANCE 6: BERGAMOTTO &#038; FIORI D&#8217;ARANCIO\" \/>\n<meta property=\"og:url\" content=\"https:\/\/naturaldermapet.it\/en\/shop\/profumo\/fragrance-6-bergamotto-fiori-darancio\/\" \/>\n<meta property=\"og:site_name\" content=\"Natural Derma Pet\" \/>\n<meta property=\"article:publisher\" content=\"https:\/\/www.facebook.com\/NaturalDermaPet\" \/>\n<meta property=\"article:modified_time\" content=\"2026-01-19T15:04:42+00:00\" \/>\n<meta property=\"og:image\" content=\"https:\/\/naturaldermapet.it\/wp-content\/uploads\/2025\/12\/fragrance_6_cani.webp\" \/>\n\t<meta property=\"og:image:width\" content=\"1000\" \/>\n\t<meta property=\"og:image:height\" content=\"1000\" \/>\n\t<meta property=\"og:image:type\" content=\"image\/webp\" \/>\n<meta name=\"twitter:card\" content=\"summary_large_image\" \/>\n<script type=\"application\/ld+json\" class=\"yoast-schema-graph\">{\"@context\":\"https:\/\/schema.org\",\"@graph\":[{\"@type\":\"WebPage\",\"@id\":\"https:\/\/naturaldermapet.it\/shop\/profumo\/fragrance-6-bergamotto-fiori-darancio\/\",\"url\":\"https:\/\/naturaldermapet.it\/shop\/profumo\/fragrance-6-bergamotto-fiori-darancio\/\",\"name\":\"FRAGRANCE 6: BERGAMOTTO & FIORI D'ARANCIO - Natural Derma Pet\",\"isPartOf\":{\"@id\":\"https:\/\/naturaldermapet.it\/#website\"},\"primaryImageOfPage\":{\"@id\":\"https:\/\/naturaldermapet.it\/shop\/profumo\/fragrance-6-bergamotto-fiori-darancio\/#primaryimage\"},\"image\":{\"@id\":\"https:\/\/naturaldermapet.it\/shop\/profumo\/fragrance-6-bergamotto-fiori-darancio\/#primaryimage\"},\"thumbnailUrl\":\"https:\/\/naturaldermapet.it\/wp-content\/uploads\/2025\/12\/fragrance_6_cani.webp\",\"datePublished\":\"2025-12-15T18:08:07+00:00\",\"dateModified\":\"2026-01-19T15:04:42+00:00\",\"breadcrumb\":{\"@id\":\"https:\/\/naturaldermapet.it\/shop\/profumo\/fragrance-6-bergamotto-fiori-darancio\/#breadcrumb\"},\"inLanguage\":\"en-GB\",\"potentialAction\":[{\"@type\":\"ReadAction\",\"target\":[\"https:\/\/naturaldermapet.it\/shop\/profumo\/fragrance-6-bergamotto-fiori-darancio\/\"]}]},{\"@type\":\"ImageObject\",\"inLanguage\":\"en-GB\",\"@id\":\"https:\/\/naturaldermapet.it\/shop\/profumo\/fragrance-6-bergamotto-fiori-darancio\/#primaryimage\",\"url\":\"https:\/\/naturaldermapet.it\/wp-content\/uploads\/2025\/12\/fragrance_6_cani.webp\",\"contentUrl\":\"https:\/\/naturaldermapet.it\/wp-content\/uploads\/2025\/12\/fragrance_6_cani.webp\",\"width\":1000,\"height\":1000},{\"@type\":\"BreadcrumbList\",\"@id\":\"https:\/\/naturaldermapet.it\/shop\/profumo\/fragrance-6-bergamotto-fiori-darancio\/#breadcrumb\",\"itemListElement\":[{\"@type\":\"ListItem\",\"position\":1,\"name\":\"Home\",\"item\":\"https:\/\/naturaldermapet.it\/\"},{\"@type\":\"ListItem\",\"position\":2,\"name\":\"Shop\",\"item\":\"https:\/\/naturaldermapet.it\/shop\/\"},{\"@type\":\"ListItem\",\"position\":3,\"name\":\"FRAGRANCE 6: BERGAMOTTO &#038; FIORI D&#8217;ARANCIO\"}]},{\"@type\":\"WebSite\",\"@id\":\"https:\/\/naturaldermapet.it\/#website\",\"url\":\"https:\/\/naturaldermapet.it\/\",\"name\":\"Natural Derma Pet\",\"description\":\"Cosmesi naturale per cani e gatti\",\"publisher\":{\"@id\":\"https:\/\/naturaldermapet.it\/#organization\"},\"potentialAction\":[{\"@type\":\"SearchAction\",\"target\":{\"@type\":\"EntryPoint\",\"urlTemplate\":\"https:\/\/naturaldermapet.it\/?s={search_term_string}\"},\"query-input\":{\"@type\":\"PropertyValueSpecification\",\"valueRequired\":true,\"valueName\":\"search_term_string\"}}],\"inLanguage\":\"en-GB\"},{\"@type\":\"Organization\",\"@id\":\"https:\/\/naturaldermapet.it\/#organization\",\"name\":\"Natural Derma Pet\",\"url\":\"https:\/\/naturaldermapet.it\/\",\"logo\":{\"@type\":\"ImageObject\",\"inLanguage\":\"en-GB\",\"@id\":\"https:\/\/naturaldermapet.it\/#\/schema\/logo\/image\/\",\"url\":\"https:\/\/naturaldermapet.it\/wp-content\/uploads\/2026\/02\/logo_ndp.png\",\"contentUrl\":\"https:\/\/naturaldermapet.it\/wp-content\/uploads\/2026\/02\/logo_ndp.png\",\"width\":514,\"height\":232,\"caption\":\"Natural Derma Pet\"},\"image\":{\"@id\":\"https:\/\/naturaldermapet.it\/#\/schema\/logo\/image\/\"},\"sameAs\":[\"https:\/\/www.facebook.com\/NaturalDermaPet\",\"https:\/\/www.instagram.com\/naturaldermapet\/\"]}]}<\/script>\n<!-- \/ Yoast SEO plugin. -->","yoast_head_json":{"title":"FRAGRANCE 6: BERGAMOTTO & FIORI D'ARANCIO - Natural Derma Pet","robots":{"index":"index","follow":"follow","max-snippet":"max-snippet:-1","max-image-preview":"max-image-preview:large","max-video-preview":"max-video-preview:-1"},"canonical":"https:\/\/naturaldermapet.it\/en\/shop\/profumo\/fragrance-6-bergamotto-fiori-darancio\/","og_locale":"en_GB","og_type":"article","og_title":"FRAGRANCE 6: BERGAMOTTO & FIORI D'ARANCIO - Natural Derma Pet","og_description":"Profumo fresco e vivace per cani, con una combinazione di agrumi frizzanti e fiori dolci. La fragranza crea un\u2019atmosfera di allegria e vitalit\u00e0, ideale per momenti di gioia e felicit\u00e0 con il tuo amico a quattro zampe, avvolgendo entrambi in una piacevole aura di positivit\u00e0, nel rispetto della sensibilit\u00e0 olfattiva. [...]Read More... from FRAGRANCE 6: BERGAMOTTO &#038; FIORI D&#8217;ARANCIO","og_url":"https:\/\/naturaldermapet.it\/en\/shop\/profumo\/fragrance-6-bergamotto-fiori-darancio\/","og_site_name":"Natural Derma Pet","article_publisher":"https:\/\/www.facebook.com\/NaturalDermaPet","article_modified_time":"2026-01-19T15:04:42+00:00","og_image":[{"width":1000,"height":1000,"url":"https:\/\/naturaldermapet.it\/wp-content\/uploads\/2025\/12\/fragrance_6_cani.webp","type":"image\/webp"}],"twitter_card":"summary_large_image","schema":{"@context":"https:\/\/schema.org","@graph":[{"@type":"WebPage","@id":"https:\/\/naturaldermapet.it\/shop\/profumo\/fragrance-6-bergamotto-fiori-darancio\/","url":"https:\/\/naturaldermapet.it\/shop\/profumo\/fragrance-6-bergamotto-fiori-darancio\/","name":"FRAGRANCE 6: BERGAMOTTO & FIORI D'ARANCIO - Natural Derma Pet","isPartOf":{"@id":"https:\/\/naturaldermapet.it\/#website"},"primaryImageOfPage":{"@id":"https:\/\/naturaldermapet.it\/shop\/profumo\/fragrance-6-bergamotto-fiori-darancio\/#primaryimage"},"image":{"@id":"https:\/\/naturaldermapet.it\/shop\/profumo\/fragrance-6-bergamotto-fiori-darancio\/#primaryimage"},"thumbnailUrl":"https:\/\/naturaldermapet.it\/wp-content\/uploads\/2025\/12\/fragrance_6_cani.webp","datePublished":"2025-12-15T18:08:07+00:00","dateModified":"2026-01-19T15:04:42+00:00","breadcrumb":{"@id":"https:\/\/naturaldermapet.it\/shop\/profumo\/fragrance-6-bergamotto-fiori-darancio\/#breadcrumb"},"inLanguage":"en-GB","potentialAction":[{"@type":"ReadAction","target":["https:\/\/naturaldermapet.it\/shop\/profumo\/fragrance-6-bergamotto-fiori-darancio\/"]}]},{"@type":"ImageObject","inLanguage":"en-GB","@id":"https:\/\/naturaldermapet.it\/shop\/profumo\/fragrance-6-bergamotto-fiori-darancio\/#primaryimage","url":"https:\/\/naturaldermapet.it\/wp-content\/uploads\/2025\/12\/fragrance_6_cani.webp","contentUrl":"https:\/\/naturaldermapet.it\/wp-content\/uploads\/2025\/12\/fragrance_6_cani.webp","width":1000,"height":1000},{"@type":"BreadcrumbList","@id":"https:\/\/naturaldermapet.it\/shop\/profumo\/fragrance-6-bergamotto-fiori-darancio\/#breadcrumb","itemListElement":[{"@type":"ListItem","position":1,"name":"Home","item":"https:\/\/naturaldermapet.it\/"},{"@type":"ListItem","position":2,"name":"Shop","item":"https:\/\/naturaldermapet.it\/shop\/"},{"@type":"ListItem","position":3,"name":"FRAGRANCE 6: BERGAMOTTO &#038; FIORI D&#8217;ARANCIO"}]},{"@type":"WebSite","@id":"https:\/\/naturaldermapet.it\/#website","url":"https:\/\/naturaldermapet.it\/","name":"Natural Derma Pet","description":"Cosmesi naturale per cani e gatti","publisher":{"@id":"https:\/\/naturaldermapet.it\/#organization"},"potentialAction":[{"@type":"SearchAction","target":{"@type":"EntryPoint","urlTemplate":"https:\/\/naturaldermapet.it\/?s={search_term_string}"},"query-input":{"@type":"PropertyValueSpecification","valueRequired":true,"valueName":"search_term_string"}}],"inLanguage":"en-GB"},{"@type":"Organization","@id":"https:\/\/naturaldermapet.it\/#organization","name":"Natural Derma Pet","url":"https:\/\/naturaldermapet.it\/","logo":{"@type":"ImageObject","inLanguage":"en-GB","@id":"https:\/\/naturaldermapet.it\/#\/schema\/logo\/image\/","url":"https:\/\/naturaldermapet.it\/wp-content\/uploads\/2026\/02\/logo_ndp.png","contentUrl":"https:\/\/naturaldermapet.it\/wp-content\/uploads\/2026\/02\/logo_ndp.png","width":514,"height":232,"caption":"Natural Derma Pet"},"image":{"@id":"https:\/\/naturaldermapet.it\/#\/schema\/logo\/image\/"},"sameAs":["https:\/\/www.facebook.com\/NaturalDermaPet","https:\/\/www.instagram.com\/naturaldermapet\/"]}]}},"_links":{"self":[{"href":"https:\/\/naturaldermapet.it\/en\/wp-json\/wp\/v2\/product\/288","targetHints":{"allow":["GET"]}}],"collection":[{"href":"https:\/\/naturaldermapet.it\/en\/wp-json\/wp\/v2\/product"}],"about":[{"href":"https:\/\/naturaldermapet.it\/en\/wp-json\/wp\/v2\/types\/product"}],"replies":[{"embeddable":true,"href":"https:\/\/naturaldermapet.it\/en\/wp-json\/wp\/v2\/comments?post=288"}],"wp:featuredmedia":[{"embeddable":true,"href":"https:\/\/naturaldermapet.it\/en\/wp-json\/wp\/v2\/media\/701"}],"wp:attachment":[{"href":"https:\/\/naturaldermapet.it\/en\/wp-json\/wp\/v2\/media?parent=288"}],"wp:term":[{"taxonomy":"caratteristica","embeddable":true,"href":"https:\/\/naturaldermapet.it\/en\/wp-json\/wp\/v2\/caratteristica?post=288"},{"taxonomy":"collezione","embeddable":true,"href":"https:\/\/naturaldermapet.it\/en\/wp-json\/wp\/v2\/collezione?post=288"},{"taxonomy":"formato","embeddable":true,"href":"https:\/\/naturaldermapet.it\/en\/wp-json\/wp\/v2\/formato?post=288"},{"taxonomy":"razza","embeddable":true,"href":"https:\/\/naturaldermapet.it\/en\/wp-json\/wp\/v2\/razza?post=288"},{"taxonomy":"utilizzo","embeddable":true,"href":"https:\/\/naturaldermapet.it\/en\/wp-json\/wp\/v2\/utilizzo?post=288"},{"taxonomy":"ingrediente-principale","embeddable":true,"href":"https:\/\/naturaldermapet.it\/en\/wp-json\/wp\/v2\/ingrediente-principale?post=288"},{"taxonomy":"product_brand","embeddable":true,"href":"https:\/\/naturaldermapet.it\/en\/wp-json\/wp\/v2\/product_brand?post=288"},{"taxonomy":"product_cat","embeddable":true,"href":"https:\/\/naturaldermapet.it\/en\/wp-json\/wp\/v2\/product_cat?post=288"},{"taxonomy":"product_tag","embeddable":true,"href":"https:\/\/naturaldermapet.it\/en\/wp-json\/wp\/v2\/product_tag?post=288"}],"curies":[{"name":"wp","href":"https:\/\/api.w.org\/{rel}","templated":true}]}}